{"id":96,"date":"2016-09-02T18:12:32","date_gmt":"2016-09-02T16:12:32","guid":{"rendered":"http:\/\/www.taljovikenupa.se\/?page_id=96"},"modified":"2016-09-05T17:27:43","modified_gmt":"2016-09-05T15:27:43","slug":"vara-regler","status":"publish","type":"page","link":"https:\/\/www.taljovikenupa.se\/?page_id=96","title":{"rendered":"V\u00e5ra Regler"},"content":{"rendered":"<p><strong>B\u00e5tplats:<br \/>\n<\/strong>Du m\u00e5ste anv\u00e4nda din b\u00e5t och inte bara ha den liggande f\u00f6r att reservera din b\u00e5tplats. B\u00e5ten m\u00e5ste vara funktionsduglig. Det vill s\u00e4ga att den har motor, \u00e5ror eller segel samt att du anv\u00e4nder den regelbundet.<br \/>\n<span style=\"color: #ff0000;\">B\u00e5ten skall vara sj\u00f6satt f\u00f6re midsommar.<\/span>\u00a0 Har Du f\u00f6r avsikt att inte sj\u00f6s\u00e4tta detta \u00e5r, meddelar du det till Hamnkaptenen f\u00f6re midsommar. Detta f\u00f6r att styrelsen skall kunna\u00a0hyra ut din b\u00e5tplats till den som st\u00e5r n\u00e4st i bryggk\u00f6n f\u00f6r detta \u00e5r. (Har Du meddelat detta till Hamnkaptenen \u00a0slipper du betala bryggavgiften)<br \/>\n\u00c5ret\u00a0d\u00e4rp\u00e5 m\u00e5ste Du sj\u00f6s\u00e4tta din b\u00e5t. G\u00f6r Du inte detta blir Du av med din b\u00e5tplats och f\u00e5r st\u00e4lla dig p\u00e5 nytt i v\u00e5r brygg k\u00f6.<\/p>\n<p><strong>St\u00e4ddagar:<\/strong><br \/>\n<span style=\"color: #ff0000;\">Du skall st\u00e4lla upp p\u00e5 minst 1\u00a0st\u00e4ddag\/\u00e5r<\/span><br \/>\nVi har en p\u00e5 v\u00e5ren ( helgen f\u00f6re Valborg) och en p\u00e5 h\u00f6sten ( F\u00f6rsta helgen i Oktober). N\u00e4rvaro registreras.<br \/>\nHar Du inte varit med p\u00e5 n\u00e5gon av v\u00e5ra st\u00e4ddagar 3 g\u00e5nger i rad utan giltigt f\u00f6rfall , anser vi att du inte vill vara delaktig i f\u00f6reningen och du blir av med din bryggplats.<\/p>\n<p><strong>Parkering p\u00e5 v\u00e5r mark:<br \/>\n<\/strong><span style=\"color: #ff0000;\">Parkering p\u00e5 grusplanen vid bryggan \u00e4r ej till\u00e5tet.<\/span><br \/>\nOm du har rampplats och beh\u00f6ver parkera din bil och b\u00e5tk\u00e4rra medans du \u00e4r ute p\u00e5 sj\u00f6n, skall du parkera p\u00e5 gr\u00e4set uppe vid bommen. OBS! INTE p\u00e5 grusplanen nere vid vattnet.<br \/>\nDet kan ju h\u00e4nda att andra medlemmar vill ut p\u00e5 sj\u00f6n samma dag som Du och d\u00e5 \u00e4r det inte vidare lyckat att du st\u00e5r i v\u00e4gen p\u00e5 grusplanen med ditt ekipage.<\/p>\n","protected":false},"excerpt":{"rendered":"<p>B\u00e5tplats: Du m\u00e5ste anv\u00e4nda din b\u00e5t och inte bara ha den liggande f\u00f6r att reservera din b\u00e5tplats. B\u00e5ten m\u00e5ste vara funktionsduglig. Det vill s\u00e4ga att den har motor, \u00e5ror eller segel samt att du anv\u00e4nder den regelbundet. B\u00e5ten skall vara sj\u00f6satt f\u00f6re midsommar.\u00a0 Har Du f\u00f6r avsikt att inte sj\u00f6s\u00e4tta detta \u00e5r, meddelar du det &hellip; <a href=\"https:\/\/www.taljovikenupa.se\/?page_id=96\" class=\"more-link\">Forts\u00e4tt l\u00e4sa <span class=\"screen-reader-text\">V\u00e5ra Regler<\/span> <span class=\"meta-nav\">&rarr;<\/span><\/a><\/p>\n","protected":false},"author":1,"featured_media":0,"parent":0,"menu_order":0,"comment_status":"closed","ping_status":"closed","template":"","meta":[],"_links":{"self":[{"href":"https:\/\/www.taljovikenupa.se\/index.php?rest_route=\/wp\/v2\/pages\/96"}],"collection":[{"href":"https:\/\/www.taljovikenupa.se\/index.php?rest_route=\/wp\/v2\/pages"}],"about":[{"href":"https:\/\/www.taljovikenupa.se\/index.php?rest_route=\/wp\/v2\/types\/page"}],"author":[{"embeddable":true,"href":"https:\/\/www.taljovikenupa.se\/index.php?rest_route=\/wp\/v2\/users\/1"}],"replies":[{"embeddable":true,"href":"https:\/\/www.taljovikenupa.se\/index.php?rest_route=%2Fwp%2Fv2%2Fcomments&post=96"}],"version-history":[{"count":17,"href":"https:\/\/www.taljovikenupa.se\/index.php?rest_route=\/wp\/v2\/pages\/96\/revisions"}],"predecessor-version":[{"id":150,"href":"https:\/\/www.taljovikenupa.se\/index.php?rest_route=\/wp\/v2\/pages\/96\/revisions\/150"}],"wp:attachment":[{"href":"https:\/\/www.taljovikenupa.se\/index.php?rest_route=%2Fwp%2Fv2%2Fmedia&parent=96"}],"curies":[{"name":"wp","href":"https:\/\/api.w.org\/{rel}","templated":true}]}}